{"id":1072,"date":"2021-10-17T10:15:26","date_gmt":"2021-10-17T03:15:26","guid":{"rendered":"http:\/\/vinaofic.southteam.studio\/?page_id=1072"},"modified":"2021-12-06T14:57:45","modified_gmt":"2021-12-06T07:57:45","slug":"gioi-thieu","status":"publish","type":"page","link":"https:\/\/vinaofic.vn\/ja\/gioi-thieu\/","title":{"rendered":"\u4f1a\u793e\u6848\u5185"},"content":{"rendered":"<section class=\"wpb-content-wrapper\"><p>[vc_row][vc_column][vc_tta_tabs shape=&#8221;square&#8221; spacing=&#8221;&#8221; alignment=&#8221;center&#8221; active_section=&#8221;1&#8243; no_fill_content_area=&#8221;true&#8221;][vc_tta_section title=&#8221;\u4f1a\u793e\u6848\u5185&#8221; tab_id=&#8221;\u4f1a\u793e\u6848\u5185&#8221;][vc_empty_space height=&#8221;3vw&#8221;]    <div class=\"south-title text-center\">\n        <h3 class=\"title\">Vinaofic <span>\u306b\u3064\u3044\u3066<\/span><\/h3>\n\t\t    <\/div>\n[vc_empty_space height=&#8221;3vw&#8221;][vc_column_text]\u30d9\u30c8\u30ca\u30e0\u5927\u962a\u5bcc\u58eb\u306f\u65e5\u672c\u306e\u5927\u962a\u5bcc\u58eb\u5de5\u696d\uff08\u682a\uff09\u304c\u5168\u984d\u51fa\u8cc7\u3057\u3066\u3044\u308b\u30b0\u30eb\u30fc\u30d7\u4f1a\u793e\u3067\u3059\u3002<\/p>\n<p><span style=\"font-family: arial, helvetica, sans-serif;\">2014<\/span>\u5e74\u306b\u30d9\u30c8\u30ca\u30e0\u3067\u6295\u8cc7\u30e9\u30a4\u30bb\u30f3\u30b9\u3092\u53d6\u5f97\u3057\u3001\u30c9\u30f3\u30ca\u30a4\u7701\u30ce\u30f3\u30c1\u30e3\u30c3\u30af\u2162\u5de5\u696d\u56e3\u5730\u5185\u306b\u5de5\u5834\u3092\u5efa\u8a2d\u3057 <span style=\"font-family: arial, helvetica, sans-serif;\">2015<\/span>\u5e74\u3088\u308a \u64cd\u696d\u3092\u958b\u59cb\u3057\u307e\u3057\u305f\u3002<\/p>\n<p><img loading=\"lazy\" decoding=\"async\" class=\"size-full wp-image-540 aligncenter\" src=\"http:\/\/vinaofic.southteam.studio\/wp-content\/uploads\/2021\/09\/OSAKA-FUJI-FINISH-IMAGE-01.jpg\" alt=\"\" width=\"800\" height=\"400\" srcset=\"https:\/\/vinaofic.vn\/wp-content\/uploads\/2021\/09\/OSAKA-FUJI-FINISH-IMAGE-01.jpg 800w, https:\/\/vinaofic.vn\/wp-content\/uploads\/2021\/09\/OSAKA-FUJI-FINISH-IMAGE-01-300x150.jpg 300w, https:\/\/vinaofic.vn\/wp-content\/uploads\/2021\/09\/OSAKA-FUJI-FINISH-IMAGE-01-768x384.jpg 768w\" sizes=\"auto, (max-width: 800px) 100vw, 800px\" \/><\/p>\n<p>&nbsp;<\/p>\n<p>\u5927\u962a\u5bcc\u58eb\u5de5\u696d\uff08\u682a\uff09\u306f \u5275\u696d\u3088\u308a<span style=\"font-family: arial, helvetica, sans-serif;\">65<\/span>\u5e74\u4ee5\u4e0a\u3082\u306e\u9593\u3001\u9ad8\u3044\u6280\u8853\u3068\u54c1\u8cea\u3067\u9244\u92fc\u3001\u88fd\u7d19\u3001\u96fb\u529b\u3001\u30d7\u30e9\u30f3\u30c8\u30a8\u30f3\u30b8\u30cb\u30a2\u30ea\u30f3\u30b0\u00a0 \u3068\u3044\u3063\u305f\u69d8\u3005\u306a\u696d\u754c\u306e\u304a\u5ba2\u69d8\u304b\u3089\u9ad8\u3044\u4fe1\u983c\u3092\u5f97\u3066\u53c2\u308a\u307e\u3057\u305f\u3002<\/p>\n<p>\u79c1\u9054\u306f\u65e5\u672c\u306e\u89aa\u4f1a\u793e\u3068\u540c\u7b49\u306e\u9ad8\u3044\u6280\u8853\u3068\u54c1\u8cea\u3092\u3082\u3063\u3066\u4f4e\u30b3\u30b9\u30c8\u3092\u5b9f\u73fe\u3057\u3001\u8868\u9762\u6539\u8cea\u6280\u8853\u3067\u6a5f\u68b0\u8a2d\u5099\u306e\u9577\u5bff\u547d\u5316\u3084 \u88dc\u4fee\u3001\u30e1\u30f3\u30c6\u30ca\u30f3\u30b9\u3092\u5fc5\u8981\u3068\u3059\u308b\u5168\u3066\u306e\u304a\u5ba2\u69d8\u306e\u554f\u984c\u89e3\u6c7a\u306b\u8ca2\u732e\u3057\u3066\u53c2\u308a\u307e\u3059\u3002[\/vc_column_text][vc_empty_space height=&#8221;15px&#8221;][vc_empty_space height=&#8221;15px&#8221;][\/vc_tta_section][vc_tta_section title=&#8221;\u793e\u9577\u3054\u6328\u62f6&#8221; tab_id=&#8221;1634564731231-620d0acb-635d&#8221;][vc_column_text]&nbsp;<\/p>\n<p><img loading=\"lazy\" decoding=\"async\" class=\"wp-image-1680 alignleft\" src=\"http:\/\/vinaofic.southteam.studio\/wp-content\/uploads\/2021\/11\/z2945512387460_0597011eb5ce3673e0fb21b73e9f49bb-768x1024.jpg\" alt=\"\" width=\"219\" height=\"292\" srcset=\"https:\/\/vinaofic.vn\/wp-content\/uploads\/2021\/11\/z2945512387460_0597011eb5ce3673e0fb21b73e9f49bb-768x1024.jpg 768w, https:\/\/vinaofic.vn\/wp-content\/uploads\/2021\/11\/z2945512387460_0597011eb5ce3673e0fb21b73e9f49bb-225x300.jpg 225w, https:\/\/vinaofic.vn\/wp-content\/uploads\/2021\/11\/z2945512387460_0597011eb5ce3673e0fb21b73e9f49bb.jpg 960w\" sizes=\"auto, (max-width: 219px) 100vw, 219px\" \/><\/p>\n<p><span style=\"font-size: 14pt;\"><span style=\"font-family: georgia, palatino, serif;\">\u30d9\u30c8\u30ca\u30e0<\/span><span style=\"font-family: georgia, palatino, serif;\">\u5927\u962a\u5bcc\u58eb\u306f\u88fd\u9244\u30fb\u30e1\u30c3\u30ad\u92fc\u677f\u30fb\u88fd\u7d19\u53ca\u3073\u767a\u96fb\u4e8b\u696d\u5411\u3051\u88fd\u9020\u8a2d\u5099\u306e\u30e1\u30f3\u30c6\u30ca\u30f3\u30b9\u88dc\u4fee\u3092\u76ee\u7684\u306b\u8a2d\u7acb\u3055\u308c\u307e\u3057\u305f\u3002<\/span><\/span><\/p>\n<p><span style=\"font-size: 14pt;\"><span style=\"font-family: georgia, palatino, serif;\">\u79c1\u305f\u3061\u306f\u65e5\u672c\u3067<\/span><span style=\"font-family: georgia, palatino, serif;\"><span style=\"font-family: arial, helvetica, sans-serif;\">65<\/span>\u5e74<\/span><span style=\"font-family: georgia, palatino, serif;\">\u4ee5\u4e0a\u306b\u308f\u305f\u308a\u57f9\u3063\u3066\u304d\u305f\u8868\u9762\u6539\u8cea\u306e\u6280\u8853\u3068\u7d4c\u9a13\u3067\u3001\u3053\u3053\u30d9\u30c8\u30ca\u30e0\u306b\u304a\u3044\u3066\u3059\u3079\u3066\u306e\u304a\u5ba2\u69d8\u306e\u54c1\u8cea\u30fb\u4fa1\u683c\u30fb\u7d0d\u671f\u306b\u95a2\u3059\u308b\u3042\u3089\u3086\u308b\u3054\u8981\u671b\u306b\u304a\u5fdc\u3048\u3057\u3066\u3044\u304d\u307e\u3059\u3002\u8868\u9762\u6539\u8cea\u306e\u624b\u6cd5\u306f\u3044\u304f\u3064\u304b\u3042\u308a\u3001\u305d\u308c\u305e\u308c\u9577\u6240\u3068\u77ed\u6240\u304c\u3042\u308a\u307e\u3059\u3002<\/span><span style=\"font-family: georgia, palatino, serif;\">\u79c1\u305f\u3061\u306f\u305d<\/span><span style=\"font-family: georgia, palatino, serif;\">\u308c\u3089\u5168\u3066\u306e<\/span><span style=\"font-family: georgia, palatino, serif;\">\u624b\u6cd5\u306b\u5bfe\u3057\u3066\u306e\u77e5\u8b58\u30fb\u7d4c\u9a13\u3092\u6709\u3057\u3066\u3044\u308b\u306e\u304c\u6700\u5927\u306e\u5f37\u307f\u3067\u3001\u4f8b\u3048\u3070\u8089\u76db\u6eb6\u63a5\u3068\u6eb6\u5c04\u3092\u7d44\u307f\u5408\u308f\u305b\u305f\u3088\u3046\u306a\u3001\u305d\u308c\u305e\u308c\u306e\u9577\u6240\u3092\u7d44\u307f\u5408\u308f\u305b\u3001\u307e\u305f\u77ed\u6240\u3092\u88dc\u3046\u3088\u3046\u306a\u3054\u63d0\u6848\u3082\u53ef\u80fd\u3067\u3059\u3002<\/span><\/span><\/p>\n<p><span style=\"font-size: 14pt;\"><span style=\"font-family: georgia, palatino, serif;\">\u307e\u305f\u79c1\u305f\u3061\u306fPTA\u6eb6\u63a5<\/span><span style=\"font-family: georgia, palatino, serif;\">\u88c5\u7f6e\u3084\u5404\u7a2e\u52a0\u71b1\u7089\u3001\u6c34\u30d7\u30e9\u30ba\u30de\u6eb6\u5c04\u88c5\u7f6e\u3084\u81ea\u52d5\u65bd\u5de5\u30ed\u30dc\u30c3\u30c8\u306a\u3069\u3001\u8a2d\u5099\u9762\u3067\u306f\u65e5\u672c\u3068\u307b\u307c\u540c\u7b49\u306e\u7279\u6b8a\u8a2d\u5099\u3092\u5c0e\u5165\u3057\u3066\u304a\u308a\u307e\u3059\u3002<\/span><\/span><\/p>\n<p><span style=\"font-size: 14pt;\"><span style=\"font-family: georgia, palatino, serif;\">\u3053\u308c\u3089\u306e\u30bd\u30d5\u30c8\u3068\u30cf\u30fc\u30c9\u306e\u5f37\u307f\u3092\u6d3b\u304b\u3057\u306a\u304c\u3089\u3001\u4eca\u5f8c\u3082\u30d9\u30c8\u30ca\u30e0\u88fd\u9020\u696d\u306e\u767a\u5c55\u3092\u4e0b\u652f\u3048\u3057\u3066\u3044\u3051\u308b\u3088\u3046\u306a\u4f1a\u793e\u3067\u3042\u308a\u7d9a\u3051\u305f\u3044\u3068\u9858\u3063\u3066\u3044\u307e\u3059\u3002<\/span><span style=\"font-family: georgia, palatino, serif; color: #0000ff;\"><span style=\"font-family: georgia, palatino, serif;\"><strong>\u00a0 \u00a0<\/strong><\/span><\/span><\/span><\/p>\n<p style=\"text-align: right;\"><span style=\"font-family: georgia, palatino, serif; font-size: 14pt;\"><strong>\u00a0 \u00a0 \u00a0<\/strong><\/span><\/p>\n<p>&nbsp;[\/vc_column_text][\/vc_tta_section][\/vc_tta_tabs]    <div class=\"south-title text-center\">\n        <h3 class=\"title\">\u4f1a\u793e <span>\u6982\u8981<\/span><\/h3>\n\t\t    <\/div>\n[vc_column_text]<\/p>\n<div class=\"wpb_text_column wpb_content_element \">\n<div class=\"wpb_wrapper\">\n<table style=\"width: 100%; height: 260px;\" data-tablestyle=\"MsoTableGrid\" data-tablelook=\"1696\" aria-rowcount=\"12\">\n<tbody>\n<tr style=\"height: 24px;\" aria-rowindex=\"1\">\n<td style=\"width: 10.6061%; height: 24px;\" data-celllook=\"4369\">\u793e\u540d<\/td>\n<td style=\"width: 88.7205%; height: 24px;\" data-celllook=\"4369\"><span data-contrast=\"none\">VIETNAM OSAKA FUJI CO., LTD. (\u7701\u7565\uff1a VINA OFIC)<\/span><span data-ccp-props=\"{&quot;201341983&quot;:0,&quot;335551550&quot;:1,&quot;335551620&quot;:1,&quot;335559685&quot;:611,&quot;335559731&quot;:0,&quot;335559737&quot;:0,&quot;335559738&quot;:0,&quot;335559739&quot;:0,&quot;335559740&quot;:259}\">\u00a0<\/span><\/td>\n<\/tr>\n<tr style=\"height: 24px;\" aria-rowindex=\"2\">\n<td style=\"width: 10.6061%; height: 24px;\" data-celllook=\"4369\">\u4f4f\u6240<\/td>\n<td style=\"width: 88.7205%; height: 24px;\" data-celllook=\"4369\"><span data-contrast=\"none\"><span class=\"JLqJ4b ChMk0b\" data-language-for-alternatives=\"ja\" data-language-to-translate-into=\"vi\" data-phrase-index=\"0\" data-number-of-phrases=\"2\">Road No4,<\/span>\u00a0<span class=\"JLqJ4b ChMk0b\" data-language-for-alternatives=\"ja\" data-language-to-translate-into=\"vi\" data-phrase-index=\"1\" data-number-of-phrases=\"2\">Nhon Trach 3 Industrial Park , Phase2, Long Tho comune,Nhon Trach District, Dong Nai Province<\/span><\/span><\/td>\n<\/tr>\n<tr style=\"height: 24px;\" aria-rowindex=\"3\">\n<td style=\"width: 10.6061%; height: 24px;\" data-celllook=\"4369\">\u96fb\u8a71\u756a\u53f7<\/td>\n<td style=\"width: 88.7205%; height: 24px;\" data-celllook=\"4369\">Tel : 84-251-356-6700\u00a0 \u00a0Fax: +84-251-356-6700<\/td>\n<\/tr>\n<tr style=\"height: 24px;\" aria-rowindex=\"4\">\n<td style=\"width: 10.6061%; height: 24px;\" data-celllook=\"4369\">\u4ee3\u8868\u8005<\/td>\n<td style=\"width: 88.7205%; height: 24px;\" data-celllook=\"4369\">\u4ee3\u8868\u53d6\u7de0\u5f79\u793e\u9577\u3000\u5409\u4e95\u4e08\u4e8c<\/td>\n<\/tr>\n<tr style=\"height: 24px;\" aria-rowindex=\"5\">\n<td style=\"width: 10.6061%; height: 24px;\" data-celllook=\"4369\">\u8a2d\u7acb<\/td>\n<td style=\"width: 88.7205%; height: 24px;\" data-celllook=\"4369\">2014\u5e743\u670812\u65e5<\/td>\n<\/tr>\n<tr style=\"height: 24px;\" aria-rowindex=\"6\">\n<td style=\"width: 10.6061%; height: 24px;\" data-celllook=\"4369\">\u64cd\u696d\u958b\u59cb<\/td>\n<td style=\"width: 88.7205%; height: 24px;\" data-celllook=\"4369\">2015\u5e745\u6708\u304b\u3089<\/td>\n<\/tr>\n<tr style=\"height: 24px;\" aria-rowindex=\"7\">\n<td style=\"width: 10.6061%; height: 24px;\" data-celllook=\"4369\">\u8cc7\u91d1<\/td>\n<td style=\"width: 88.7205%; height: 24px;\" data-celllook=\"4369\">67,920,631,334 VND<\/td>\n<\/tr>\n<tr style=\"height: 24px;\" aria-rowindex=\"8\">\n<td style=\"width: 10.6061%; height: 24px;\" data-celllook=\"4369\">\u7dcf\u9762\u7a4d<\/td>\n<td style=\"width: 88.7205%; height: 24px;\" data-celllook=\"4369\"><span data-contrast=\"none\">13.000m2<\/span><span data-ccp-props=\"{&quot;201341983&quot;:0,&quot;335551550&quot;:1,&quot;335551620&quot;:1,&quot;335559685&quot;:65,&quot;335559731&quot;:0,&quot;335559737&quot;:0,&quot;335559738&quot;:0,&quot;335559739&quot;:0,&quot;335559740&quot;:259}\">\u00a0<\/span><\/td>\n<\/tr>\n<tr>\n<td style=\"width: 10.6061%;\">\u5de5\u5834\u9762\u7a4d<\/td>\n<td style=\"width: 88.7205%;\"><span data-contrast=\"none\">2400m2<\/span><\/td>\n<\/tr>\n<tr>\n<td style=\"width: 10.6061%;\">\u4e8b\u696d<\/td>\n<td style=\"width: 88.7205%;\"><span data-contrast=\"none\">\u6eb6\u63a5\u3001\u6eb6\u5c04\u3001\u6a5f\u68b0\u52a0\u5de5\u3001\u7814\u78e8\u3001\u71b1\u51e6\u7406<\/span><\/td>\n<\/tr>\n<\/tbody>\n<\/table>\n<\/div>\n<\/div>\n<p>[\/vc_column_text][\/vc_column][\/vc_row][vc_section][\/vc_section]<\/p>\n<\/section>","protected":false},"excerpt":{"rendered":"<p>[vc_row][vc_column][vc_tta_tabs shape=&#8221;square&#8221; spacing=&#8221;&#8221; alignment=&#8221;center&#038;#822<\/p>\n","protected":false},"author":1,"featured_media":0,"parent":0,"menu_order":21,"comment_status":"closed","ping_status":"closed","template":"page-templates\/fullwidthpage.php","meta":{"footnotes":""},"class_list":["post-1072","page","type-page","status-publish","hentry"],"acf":[],"yoast_head":"<!-- This site is optimized with the Yoast SEO plugin v23.9 - https:\/\/yoast.com\/wordpress\/plugins\/seo\/ -->\n<title>\u4f1a\u793e\u6848\u5185 - VinaOfic<\/title>\n<meta name=\"description\" content=\"C\u00f4ng Ty TNHH Vi\u1ec7t Nam Osaka Fuji l\u00e0 C\u00f4ng Ty c\u00f3 v\u1ed1n \u0111\u1ea7u t\u01b0 100% t\u1eeb Nh\u1eadt B\u1ea3n thu\u1ed9c t\u1eadp \u0111o\u00e0n Osaka fuji t\u1ea1i Nh\u1eadt B\u1ea3n. L\u00e0 m\u1ed9t t\u1eadp \u0111o\u00e0n v\u1edbi g\u1ea7n 70 n\u0103m kinh nghi\u1ec7m ch\u1ebf t\u1ea1o, s\u1eeda ch\u1eefa, gia c\u00f4ng c\u01a1 kh\u00ed... trong ng\u00e0nh c\u00f4ng nghi\u1ec7p n\u1eb7ng, v\u00e0 \u0111\u1eb7c bi\u1ec7t h\u01a1n 45 n\u0103m kinh nghi\u1ec7m v\u1ec1 ng\u00e0nh phun ph\u1ee7 nhi\u1ec7t. N\u1eafm b\u1eaft \u0111\u01b0\u1ee3c th\u1ecb tr\u01b0\u1eddng trong n\u01b0\u1edbc,ch\u00fang t\u00f4i \u0111\u00e3 v\u00e0 \u0111ang ph\u00e1t tri\u1ec3n c\u00f9ng v\u1edbi s\u1ef1 thay \u0111\u1ed5i c\u1ee7a th\u1eddi \u0111\u1ea1i, mang m\u1ecdi ng\u01b0\u1eddi \u0111\u1ebfn v\u1edbi nhau v\u00e0 t\u1ea1o ra c\u00f4ng ngh\u1ec7 \u0111\u1ed9c \u0111\u00e1o m\u00e0 x\u00e3 h\u1ed9i c\u00f4ng nghi\u1ec7p y\u00eau c\u1ea7u. Ch\u00ednh v\u00ec \u0111i\u1ec1u \u0111\u00f3 ch\u00fang t\u00f4i \u0111\u00e3 n\u1ed7 l\u1ef1c \u0111\u1ec3 \u0111\u01b0\u1ee3c c\u1ea5p ph\u00e9p \u0111\u1ea7u t\u01b0 th\u00e1ng 3\/2014 v\u00e0 nh\u00e0 m\u00e1y \u0111\u1eb7t t\u1ea1i khu C\u00f4ng Nghi\u1ec7p Nh\u01a1n Tr\u1ea1ch 3 , T\u1ec9nh \u0110\u1ed3ng Nai b\u1eaft \u0111\u1ea7u ho\u1ea1t \u0111\u1ed9ng t\u1eeb 05\/2015.\" \/>\n<meta name=\"robots\" content=\"index, follow, max-snippet:-1, max-image-preview:large, max-video-preview:-1\" \/>\n<link rel=\"canonical\" href=\"https:\/\/vinaofic.vn\/gioi-thieu-cong-ty-tnhh-viet-nam-osaka-fuji\/\" \/>\n<meta property=\"og:locale\" content=\"ja_JP\" \/>\n<meta property=\"og:type\" content=\"article\" \/>\n<meta property=\"og:title\" content=\"\u4f1a\u793e\u6848\u5185 - VinaOfic\" \/>\n<meta property=\"og:description\" content=\"C\u00f4ng Ty TNHH Vi\u1ec7t Nam Osaka Fuji l\u00e0 C\u00f4ng Ty c\u00f3 v\u1ed1n \u0111\u1ea7u t\u01b0 100% t\u1eeb Nh\u1eadt B\u1ea3n thu\u1ed9c t\u1eadp \u0111o\u00e0n Osaka fuji t\u1ea1i Nh\u1eadt B\u1ea3n. L\u00e0 m\u1ed9t t\u1eadp \u0111o\u00e0n v\u1edbi g\u1ea7n 70 n\u0103m kinh nghi\u1ec7m ch\u1ebf t\u1ea1o, s\u1eeda ch\u1eefa, gia c\u00f4ng c\u01a1 kh\u00ed... trong ng\u00e0nh c\u00f4ng nghi\u1ec7p n\u1eb7ng, v\u00e0 \u0111\u1eb7c bi\u1ec7t h\u01a1n 45 n\u0103m kinh nghi\u1ec7m v\u1ec1 ng\u00e0nh phun ph\u1ee7 nhi\u1ec7t. N\u1eafm b\u1eaft \u0111\u01b0\u1ee3c th\u1ecb tr\u01b0\u1eddng trong n\u01b0\u1edbc,ch\u00fang t\u00f4i \u0111\u00e3 v\u00e0 \u0111ang ph\u00e1t tri\u1ec3n c\u00f9ng v\u1edbi s\u1ef1 thay \u0111\u1ed5i c\u1ee7a th\u1eddi \u0111\u1ea1i, mang m\u1ecdi ng\u01b0\u1eddi \u0111\u1ebfn v\u1edbi nhau v\u00e0 t\u1ea1o ra c\u00f4ng ngh\u1ec7 \u0111\u1ed9c \u0111\u00e1o m\u00e0 x\u00e3 h\u1ed9i c\u00f4ng nghi\u1ec7p y\u00eau c\u1ea7u. Ch\u00ednh v\u00ec \u0111i\u1ec1u \u0111\u00f3 ch\u00fang t\u00f4i \u0111\u00e3 n\u1ed7 l\u1ef1c \u0111\u1ec3 \u0111\u01b0\u1ee3c c\u1ea5p ph\u00e9p \u0111\u1ea7u t\u01b0 th\u00e1ng 3\/2014 v\u00e0 nh\u00e0 m\u00e1y \u0111\u1eb7t t\u1ea1i khu C\u00f4ng Nghi\u1ec7p Nh\u01a1n Tr\u1ea1ch 3 , T\u1ec9nh \u0110\u1ed3ng Nai b\u1eaft \u0111\u1ea7u ho\u1ea1t \u0111\u1ed9ng t\u1eeb 05\/2015.\" \/>\n<meta property=\"og:url\" content=\"https:\/\/vinaofic.vn\/gioi-thieu-cong-ty-tnhh-viet-nam-osaka-fuji\/\" \/>\n<meta property=\"og:site_name\" content=\"VinaOfic\" \/>\n<meta property=\"article:modified_time\" content=\"2021-12-06T07:57:45+00:00\" \/>\n<meta property=\"og:image\" content=\"http:\/\/vinaofic.southteam.studio\/wp-content\/uploads\/2021\/09\/OSAKA-FUJI-FINISH-IMAGE-01.jpg\" \/>\n<meta name=\"twitter:card\" content=\"summary_large_image\" \/>\n<meta name=\"twitter:label1\" content=\"\u63a8\u5b9a\u8aad\u307f\u53d6\u308a\u6642\u9593\" \/>\n\t<meta name=\"twitter:data1\" content=\"1\u5206\" \/>\n<script type=\"application\/ld+json\" class=\"yoast-schema-graph\">{\"@context\":\"https:\/\/schema.org\",\"@graph\":[{\"@type\":\"WebPage\",\"@id\":\"https:\/\/vinaofic.vn\/gioi-thieu-cong-ty-tnhh-viet-nam-osaka-fuji\/\",\"url\":\"https:\/\/vinaofic.vn\/gioi-thieu-cong-ty-tnhh-viet-nam-osaka-fuji\/\",\"name\":\"\u4f1a\u793e\u6848\u5185 - VinaOfic\",\"isPartOf\":{\"@id\":\"https:\/\/vinaofic.vn\/#website\"},\"primaryImageOfPage\":{\"@id\":\"https:\/\/vinaofic.vn\/gioi-thieu-cong-ty-tnhh-viet-nam-osaka-fuji\/#primaryimage\"},\"image\":{\"@id\":\"https:\/\/vinaofic.vn\/gioi-thieu-cong-ty-tnhh-viet-nam-osaka-fuji\/#primaryimage\"},\"thumbnailUrl\":\"http:\/\/vinaofic.southteam.studio\/wp-content\/uploads\/2021\/09\/OSAKA-FUJI-FINISH-IMAGE-01.jpg\",\"datePublished\":\"2021-10-17T03:15:26+00:00\",\"dateModified\":\"2021-12-06T07:57:45+00:00\",\"description\":\"C\u00f4ng Ty TNHH Vi\u1ec7t Nam Osaka Fuji l\u00e0 C\u00f4ng Ty c\u00f3 v\u1ed1n \u0111\u1ea7u t\u01b0 100% t\u1eeb Nh\u1eadt B\u1ea3n thu\u1ed9c t\u1eadp \u0111o\u00e0n Osaka fuji t\u1ea1i Nh\u1eadt B\u1ea3n. L\u00e0 m\u1ed9t t\u1eadp \u0111o\u00e0n v\u1edbi g\u1ea7n 70 n\u0103m kinh nghi\u1ec7m ch\u1ebf t\u1ea1o, s\u1eeda ch\u1eefa, gia c\u00f4ng c\u01a1 kh\u00ed... trong ng\u00e0nh c\u00f4ng nghi\u1ec7p n\u1eb7ng, v\u00e0 \u0111\u1eb7c bi\u1ec7t h\u01a1n 45 n\u0103m kinh nghi\u1ec7m v\u1ec1 ng\u00e0nh phun ph\u1ee7 nhi\u1ec7t. N\u1eafm b\u1eaft \u0111\u01b0\u1ee3c th\u1ecb tr\u01b0\u1eddng trong n\u01b0\u1edbc,ch\u00fang t\u00f4i \u0111\u00e3 v\u00e0 \u0111ang ph\u00e1t tri\u1ec3n c\u00f9ng v\u1edbi s\u1ef1 thay \u0111\u1ed5i c\u1ee7a th\u1eddi \u0111\u1ea1i, mang m\u1ecdi ng\u01b0\u1eddi \u0111\u1ebfn v\u1edbi nhau v\u00e0 t\u1ea1o ra c\u00f4ng ngh\u1ec7 \u0111\u1ed9c \u0111\u00e1o m\u00e0 x\u00e3 h\u1ed9i c\u00f4ng nghi\u1ec7p y\u00eau c\u1ea7u. Ch\u00ednh v\u00ec \u0111i\u1ec1u \u0111\u00f3 ch\u00fang t\u00f4i \u0111\u00e3 n\u1ed7 l\u1ef1c \u0111\u1ec3 \u0111\u01b0\u1ee3c c\u1ea5p ph\u00e9p \u0111\u1ea7u t\u01b0 th\u00e1ng 3\/2014 v\u00e0 nh\u00e0 m\u00e1y \u0111\u1eb7t t\u1ea1i khu C\u00f4ng Nghi\u1ec7p Nh\u01a1n Tr\u1ea1ch 3 , T\u1ec9nh \u0110\u1ed3ng Nai b\u1eaft \u0111\u1ea7u ho\u1ea1t \u0111\u1ed9ng t\u1eeb 05\/2015.\",\"breadcrumb\":{\"@id\":\"https:\/\/vinaofic.vn\/gioi-thieu-cong-ty-tnhh-viet-nam-osaka-fuji\/#breadcrumb\"},\"inLanguage\":\"ja\",\"potentialAction\":[{\"@type\":\"ReadAction\",\"target\":[\"https:\/\/vinaofic.vn\/gioi-thieu-cong-ty-tnhh-viet-nam-osaka-fuji\/\"]}]},{\"@type\":\"ImageObject\",\"inLanguage\":\"ja\",\"@id\":\"https:\/\/vinaofic.vn\/gioi-thieu-cong-ty-tnhh-viet-nam-osaka-fuji\/#primaryimage\",\"url\":\"http:\/\/vinaofic.southteam.studio\/wp-content\/uploads\/2021\/09\/OSAKA-FUJI-FINISH-IMAGE-01.jpg\",\"contentUrl\":\"http:\/\/vinaofic.southteam.studio\/wp-content\/uploads\/2021\/09\/OSAKA-FUJI-FINISH-IMAGE-01.jpg\"},{\"@type\":\"BreadcrumbList\",\"@id\":\"https:\/\/vinaofic.vn\/gioi-thieu-cong-ty-tnhh-viet-nam-osaka-fuji\/#breadcrumb\",\"itemListElement\":[{\"@type\":\"ListItem\",\"position\":1,\"name\":\"Home\",\"item\":\"https:\/\/vinaofic.vn\/ja\/\"},{\"@type\":\"ListItem\",\"position\":2,\"name\":\"\u4f1a\u793e\u6848\u5185\"}]},{\"@type\":\"WebSite\",\"@id\":\"https:\/\/vinaofic.vn\/#website\",\"url\":\"https:\/\/vinaofic.vn\/\",\"name\":\"VinaOfic\",\"description\":\"Vietnam Osaka Fuji Company\",\"potentialAction\":[{\"@type\":\"SearchAction\",\"target\":{\"@type\":\"EntryPoint\",\"urlTemplate\":\"https:\/\/vinaofic.vn\/?s={search_term_string}\"},\"query-input\":{\"@type\":\"PropertyValueSpecification\",\"valueRequired\":true,\"valueName\":\"search_term_string\"}}],\"inLanguage\":\"ja\"}]}<\/script>\n<!-- \/ Yoast SEO plugin. -->","yoast_head_json":{"title":"\u4f1a\u793e\u6848\u5185 - VinaOfic","description":"C\u00f4ng Ty TNHH Vi\u1ec7t Nam Osaka Fuji l\u00e0 C\u00f4ng Ty c\u00f3 v\u1ed1n \u0111\u1ea7u t\u01b0 100% t\u1eeb Nh\u1eadt B\u1ea3n thu\u1ed9c t\u1eadp \u0111o\u00e0n Osaka fuji t\u1ea1i Nh\u1eadt B\u1ea3n. L\u00e0 m\u1ed9t t\u1eadp \u0111o\u00e0n v\u1edbi g\u1ea7n 70 n\u0103m kinh nghi\u1ec7m ch\u1ebf t\u1ea1o, s\u1eeda ch\u1eefa, gia c\u00f4ng c\u01a1 kh\u00ed... trong ng\u00e0nh c\u00f4ng nghi\u1ec7p n\u1eb7ng, v\u00e0 \u0111\u1eb7c bi\u1ec7t h\u01a1n 45 n\u0103m kinh nghi\u1ec7m v\u1ec1 ng\u00e0nh phun ph\u1ee7 nhi\u1ec7t. N\u1eafm b\u1eaft \u0111\u01b0\u1ee3c th\u1ecb tr\u01b0\u1eddng trong n\u01b0\u1edbc,ch\u00fang t\u00f4i \u0111\u00e3 v\u00e0 \u0111ang ph\u00e1t tri\u1ec3n c\u00f9ng v\u1edbi s\u1ef1 thay \u0111\u1ed5i c\u1ee7a th\u1eddi \u0111\u1ea1i, mang m\u1ecdi ng\u01b0\u1eddi \u0111\u1ebfn v\u1edbi nhau v\u00e0 t\u1ea1o ra c\u00f4ng ngh\u1ec7 \u0111\u1ed9c \u0111\u00e1o m\u00e0 x\u00e3 h\u1ed9i c\u00f4ng nghi\u1ec7p y\u00eau c\u1ea7u. Ch\u00ednh v\u00ec \u0111i\u1ec1u \u0111\u00f3 ch\u00fang t\u00f4i \u0111\u00e3 n\u1ed7 l\u1ef1c \u0111\u1ec3 \u0111\u01b0\u1ee3c c\u1ea5p ph\u00e9p \u0111\u1ea7u t\u01b0 th\u00e1ng 3\/2014 v\u00e0 nh\u00e0 m\u00e1y \u0111\u1eb7t t\u1ea1i khu C\u00f4ng Nghi\u1ec7p Nh\u01a1n Tr\u1ea1ch 3 , T\u1ec9nh \u0110\u1ed3ng Nai b\u1eaft \u0111\u1ea7u ho\u1ea1t \u0111\u1ed9ng t\u1eeb 05\/2015.","robots":{"index":"index","follow":"follow","max-snippet":"max-snippet:-1","max-image-preview":"max-image-preview:large","max-video-preview":"max-video-preview:-1"},"canonical":"https:\/\/vinaofic.vn\/gioi-thieu-cong-ty-tnhh-viet-nam-osaka-fuji\/","og_locale":"ja_JP","og_type":"article","og_title":"\u4f1a\u793e\u6848\u5185 - VinaOfic","og_description":"C\u00f4ng Ty TNHH Vi\u1ec7t Nam Osaka Fuji l\u00e0 C\u00f4ng Ty c\u00f3 v\u1ed1n \u0111\u1ea7u t\u01b0 100% t\u1eeb Nh\u1eadt B\u1ea3n thu\u1ed9c t\u1eadp \u0111o\u00e0n Osaka fuji t\u1ea1i Nh\u1eadt B\u1ea3n. L\u00e0 m\u1ed9t t\u1eadp \u0111o\u00e0n v\u1edbi g\u1ea7n 70 n\u0103m kinh nghi\u1ec7m ch\u1ebf t\u1ea1o, s\u1eeda ch\u1eefa, gia c\u00f4ng c\u01a1 kh\u00ed... trong ng\u00e0nh c\u00f4ng nghi\u1ec7p n\u1eb7ng, v\u00e0 \u0111\u1eb7c bi\u1ec7t h\u01a1n 45 n\u0103m kinh nghi\u1ec7m v\u1ec1 ng\u00e0nh phun ph\u1ee7 nhi\u1ec7t. N\u1eafm b\u1eaft \u0111\u01b0\u1ee3c th\u1ecb tr\u01b0\u1eddng trong n\u01b0\u1edbc,ch\u00fang t\u00f4i \u0111\u00e3 v\u00e0 \u0111ang ph\u00e1t tri\u1ec3n c\u00f9ng v\u1edbi s\u1ef1 thay \u0111\u1ed5i c\u1ee7a th\u1eddi \u0111\u1ea1i, mang m\u1ecdi ng\u01b0\u1eddi \u0111\u1ebfn v\u1edbi nhau v\u00e0 t\u1ea1o ra c\u00f4ng ngh\u1ec7 \u0111\u1ed9c \u0111\u00e1o m\u00e0 x\u00e3 h\u1ed9i c\u00f4ng nghi\u1ec7p y\u00eau c\u1ea7u. Ch\u00ednh v\u00ec \u0111i\u1ec1u \u0111\u00f3 ch\u00fang t\u00f4i \u0111\u00e3 n\u1ed7 l\u1ef1c \u0111\u1ec3 \u0111\u01b0\u1ee3c c\u1ea5p ph\u00e9p \u0111\u1ea7u t\u01b0 th\u00e1ng 3\/2014 v\u00e0 nh\u00e0 m\u00e1y \u0111\u1eb7t t\u1ea1i khu C\u00f4ng Nghi\u1ec7p Nh\u01a1n Tr\u1ea1ch 3 , T\u1ec9nh \u0110\u1ed3ng Nai b\u1eaft \u0111\u1ea7u ho\u1ea1t \u0111\u1ed9ng t\u1eeb 05\/2015.","og_url":"https:\/\/vinaofic.vn\/gioi-thieu-cong-ty-tnhh-viet-nam-osaka-fuji\/","og_site_name":"VinaOfic","article_modified_time":"2021-12-06T07:57:45+00:00","og_image":[{"url":"http:\/\/vinaofic.southteam.studio\/wp-content\/uploads\/2021\/09\/OSAKA-FUJI-FINISH-IMAGE-01.jpg"}],"twitter_card":"summary_large_image","twitter_misc":{"\u63a8\u5b9a\u8aad\u307f\u53d6\u308a\u6642\u9593":"1\u5206"},"schema":{"@context":"https:\/\/schema.org","@graph":[{"@type":"WebPage","@id":"https:\/\/vinaofic.vn\/gioi-thieu-cong-ty-tnhh-viet-nam-osaka-fuji\/","url":"https:\/\/vinaofic.vn\/gioi-thieu-cong-ty-tnhh-viet-nam-osaka-fuji\/","name":"\u4f1a\u793e\u6848\u5185 - VinaOfic","isPartOf":{"@id":"https:\/\/vinaofic.vn\/#website"},"primaryImageOfPage":{"@id":"https:\/\/vinaofic.vn\/gioi-thieu-cong-ty-tnhh-viet-nam-osaka-fuji\/#primaryimage"},"image":{"@id":"https:\/\/vinaofic.vn\/gioi-thieu-cong-ty-tnhh-viet-nam-osaka-fuji\/#primaryimage"},"thumbnailUrl":"http:\/\/vinaofic.southteam.studio\/wp-content\/uploads\/2021\/09\/OSAKA-FUJI-FINISH-IMAGE-01.jpg","datePublished":"2021-10-17T03:15:26+00:00","dateModified":"2021-12-06T07:57:45+00:00","description":"C\u00f4ng Ty TNHH Vi\u1ec7t Nam Osaka Fuji l\u00e0 C\u00f4ng Ty c\u00f3 v\u1ed1n \u0111\u1ea7u t\u01b0 100% t\u1eeb Nh\u1eadt B\u1ea3n thu\u1ed9c t\u1eadp \u0111o\u00e0n Osaka fuji t\u1ea1i Nh\u1eadt B\u1ea3n. L\u00e0 m\u1ed9t t\u1eadp \u0111o\u00e0n v\u1edbi g\u1ea7n 70 n\u0103m kinh nghi\u1ec7m ch\u1ebf t\u1ea1o, s\u1eeda ch\u1eefa, gia c\u00f4ng c\u01a1 kh\u00ed... trong ng\u00e0nh c\u00f4ng nghi\u1ec7p n\u1eb7ng, v\u00e0 \u0111\u1eb7c bi\u1ec7t h\u01a1n 45 n\u0103m kinh nghi\u1ec7m v\u1ec1 ng\u00e0nh phun ph\u1ee7 nhi\u1ec7t. N\u1eafm b\u1eaft \u0111\u01b0\u1ee3c th\u1ecb tr\u01b0\u1eddng trong n\u01b0\u1edbc,ch\u00fang t\u00f4i \u0111\u00e3 v\u00e0 \u0111ang ph\u00e1t tri\u1ec3n c\u00f9ng v\u1edbi s\u1ef1 thay \u0111\u1ed5i c\u1ee7a th\u1eddi \u0111\u1ea1i, mang m\u1ecdi ng\u01b0\u1eddi \u0111\u1ebfn v\u1edbi nhau v\u00e0 t\u1ea1o ra c\u00f4ng ngh\u1ec7 \u0111\u1ed9c \u0111\u00e1o m\u00e0 x\u00e3 h\u1ed9i c\u00f4ng nghi\u1ec7p y\u00eau c\u1ea7u. Ch\u00ednh v\u00ec \u0111i\u1ec1u \u0111\u00f3 ch\u00fang t\u00f4i \u0111\u00e3 n\u1ed7 l\u1ef1c \u0111\u1ec3 \u0111\u01b0\u1ee3c c\u1ea5p ph\u00e9p \u0111\u1ea7u t\u01b0 th\u00e1ng 3\/2014 v\u00e0 nh\u00e0 m\u00e1y \u0111\u1eb7t t\u1ea1i khu C\u00f4ng Nghi\u1ec7p Nh\u01a1n Tr\u1ea1ch 3 , T\u1ec9nh \u0110\u1ed3ng Nai b\u1eaft \u0111\u1ea7u ho\u1ea1t \u0111\u1ed9ng t\u1eeb 05\/2015.","breadcrumb":{"@id":"https:\/\/vinaofic.vn\/gioi-thieu-cong-ty-tnhh-viet-nam-osaka-fuji\/#breadcrumb"},"inLanguage":"ja","potentialAction":[{"@type":"ReadAction","target":["https:\/\/vinaofic.vn\/gioi-thieu-cong-ty-tnhh-viet-nam-osaka-fuji\/"]}]},{"@type":"ImageObject","inLanguage":"ja","@id":"https:\/\/vinaofic.vn\/gioi-thieu-cong-ty-tnhh-viet-nam-osaka-fuji\/#primaryimage","url":"http:\/\/vinaofic.southteam.studio\/wp-content\/uploads\/2021\/09\/OSAKA-FUJI-FINISH-IMAGE-01.jpg","contentUrl":"http:\/\/vinaofic.southteam.studio\/wp-content\/uploads\/2021\/09\/OSAKA-FUJI-FINISH-IMAGE-01.jpg"},{"@type":"BreadcrumbList","@id":"https:\/\/vinaofic.vn\/gioi-thieu-cong-ty-tnhh-viet-nam-osaka-fuji\/#breadcrumb","itemListElement":[{"@type":"ListItem","position":1,"name":"Home","item":"https:\/\/vinaofic.vn\/ja\/"},{"@type":"ListItem","position":2,"name":"\u4f1a\u793e\u6848\u5185"}]},{"@type":"WebSite","@id":"https:\/\/vinaofic.vn\/#website","url":"https:\/\/vinaofic.vn\/","name":"VinaOfic","description":"Vietnam Osaka Fuji Company","potentialAction":[{"@type":"SearchAction","target":{"@type":"EntryPoint","urlTemplate":"https:\/\/vinaofic.vn\/?s={search_term_string}"},"query-input":{"@type":"PropertyValueSpecification","valueRequired":true,"valueName":"search_term_string"}}],"inLanguage":"ja"}]}},"_links":{"self":[{"href":"https:\/\/vinaofic.vn\/ja\/wp-json\/wp\/v2\/pages\/1072","targetHints":{"allow":["GET"]}}],"collection":[{"href":"https:\/\/vinaofic.vn\/ja\/wp-json\/wp\/v2\/pages"}],"about":[{"href":"https:\/\/vinaofic.vn\/ja\/wp-json\/wp\/v2\/types\/page"}],"author":[{"embeddable":true,"href":"https:\/\/vinaofic.vn\/ja\/wp-json\/wp\/v2\/users\/1"}],"replies":[{"embeddable":true,"href":"https:\/\/vinaofic.vn\/ja\/wp-json\/wp\/v2\/comments?post=1072"}],"version-history":[{"count":30,"href":"https:\/\/vinaofic.vn\/ja\/wp-json\/wp\/v2\/pages\/1072\/revisions"}],"predecessor-version":[{"id":2248,"href":"https:\/\/vinaofic.vn\/ja\/wp-json\/wp\/v2\/pages\/1072\/revisions\/2248"}],"wp:attachment":[{"href":"https:\/\/vinaofic.vn\/ja\/wp-json\/wp\/v2\/media?parent=1072"}],"curies":[{"name":"wp","href":"https:\/\/api.w.org\/{rel}","templated":true}]}}